{"id":10,"date":"2014-04-21T10:21:51","date_gmt":"2014-04-21T08:21:51","guid":{"rendered":"http:\/\/bercx.de\/wp\/?page_id=10"},"modified":"2015-02-19T17:52:14","modified_gmt":"2015-02-19T16:52:14","slug":"methodik","status":"publish","type":"page","link":"https:\/\/bercx.com\/de\/methodik\/","title":{"rendered":"Methodik"},"content":{"rendered":"<h3>Den Fokus auf das Wesentliche richten.<\/h3>\n<p>Wer weiss, wo er steht, weiss, wohin er gehen kann. Wir analysieren Ihr Unternehmen und entwickeln mit Ihnen Instrumente, die es erm\u00f6glichen, in komplexen Situationen den \u00dcberblick zu behalten. Dabei gehen wir pragmatisch und unkompliziert vor. Auf dieser Basis k\u00f6nnen Sie Ihr Unternehmen erfolgreich f\u00fchren.<\/p>\n","protected":false},"excerpt":{"rendered":"<p>Den Fokus auf das Wesentliche richten. Wer weiss, wo er steht, weiss, wohin er gehen kann. Wir analysieren Ihr Unternehmen und entwickeln mit Ihnen Instrumente, die es erm\u00f6glichen, in komplexen Situationen den \u00dcberblick zu behalten. Dabei gehen wir pragmatisch und unkompliziert vor. Auf dieser Basis k\u00f6nnen Sie Ihr Unternehmen erfolgreich f\u00fchren.<\/p>\n","protected":false},"author":1,"featured_media":0,"parent":0,"menu_order":3,"comment_status":"closed","ping_status":"closed","template":"","meta":{"footnotes":""},"class_list":["post-10","page","type-page","status-publish","hentry"],"_links":{"self":[{"href":"https:\/\/bercx.com\/de\/wp-json\/wp\/v2\/pages\/10","targetHints":{"allow":["GET"]}}],"collection":[{"href":"https:\/\/bercx.com\/de\/wp-json\/wp\/v2\/pages"}],"about":[{"href":"https:\/\/bercx.com\/de\/wp-json\/wp\/v2\/types\/page"}],"author":[{"embeddable":true,"href":"https:\/\/bercx.com\/de\/wp-json\/wp\/v2\/users\/1"}],"replies":[{"embeddable":true,"href":"https:\/\/bercx.com\/de\/wp-json\/wp\/v2\/comments?post=10"}],"version-history":[{"count":6,"href":"https:\/\/bercx.com\/de\/wp-json\/wp\/v2\/pages\/10\/revisions"}],"predecessor-version":[{"id":545,"href":"https:\/\/bercx.com\/de\/wp-json\/wp\/v2\/pages\/10\/revisions\/545"}],"wp:attachment":[{"href":"https:\/\/bercx.com\/de\/wp-json\/wp\/v2\/media?parent=10"}],"curies":[{"name":"wp","href":"https:\/\/api.w.org\/{rel}","templated":true}]}}